    {"id":109,"date":"2020-03-25T10:32:18","date_gmt":"2020-03-25T09:32:18","guid":{"rendered":"http:\/\/bsdrs.org\/?page_id=109"},"modified":"2020-05-02T13:35:29","modified_gmt":"2020-05-02T11:35:29","slug":"episodes","status":"publish","type":"page","link":"https:\/\/bsdrs.org\/index.php\/episodes\/","title":{"rendered":"Episodes"},"content":{"rendered":"\n\n\n\n\n<figure class=\"wp-block-image\"><img loading=\"lazy\" decoding=\"async\" width=\"1024\" height=\"620\" src=\"http:\/\/bsdrs.org\/wp-content\/uploads\/2020\/03\/GalerieAfficheSansBords-1-1024x620.png\" alt=\"\" class=\"wp-image-98\" srcset=\"https:\/\/bsdrs.org\/wp-content\/uploads\/2020\/03\/GalerieAfficheSansBords-1-1024x620.png 1024w, https:\/\/bsdrs.org\/wp-content\/uploads\/2020\/03\/GalerieAfficheSansBords-1-300x182.png 300w, https:\/\/bsdrs.org\/wp-content\/uploads\/2020\/03\/GalerieAfficheSansBords-1-768x465.png 768w, https:\/\/bsdrs.org\/wp-content\/uploads\/2020\/03\/GalerieAfficheSansBords-1-210x127.png 210w, https:\/\/bsdrs.org\/wp-content\/uploads\/2020\/03\/GalerieAfficheSansBords-1.png 1288w\" sizes=\"auto, (max-width: 980px) 100vw, 980px\" \/><figcaption><strong>Pr\u00e9sent\u00e9 par les Editions de l\u2019Aspic<\/strong><\/figcaption><\/figure>\n\n\n\n<p class=\"has-text-color has-luminous-vivid-orange-color\"><strong>Retrouvez aussi les r\u00e9sum\u00e9s des \u00e9pisodes <a href=\"https:\/\/bsdrs.org\/index.php\/episodes\/resume-des-episodes\/\" target=\"_blank\" rel=\"noreferrer noopener\">ICI<\/a><\/strong><\/p>\n\n\n\n<p class=\"has-text-color has-background has-very-dark-gray-color has-luminous-vivid-amber-background-color\"><strong>Premier \u00e9pisode<\/strong> (publi\u00e9 le 25 mars 2020)<\/p>\n\n\n\n<p class=\"has-text-color has-luminous-vivid-amber-color\"><div class=\"_df_book df-lite\" id=\"df_167\"  title=\"la-galerie-episode-un\" _slug=\"la-galerie-episode-un\" wpoptions=\"true\" thumb=\"http:\/\/bsdrs.org\/wp-content\/uploads\/2020\/03\/GalerieAfficheSansBords-1.png\" thumbtype=\"bg\" ><p class=\"df-raw-loading\">Please wait while flipbook is loading. For more related info, FAQs and issues please refer to <a href=\"https:\/\/dearflip.com\/about\/dflip-3d-flipbook-wordpress-usage-faqs\/\">dFlip 3D Flipbook Wordpress Help<\/a> documentation.<\/p><\/div><script data-cfasync=\"false\">var option_df_167 = {\"webgl\":\"true\",\"outline\":[],\"forceFit\":\"true\",\"autoEnableOutline\":\"false\",\"autoEnableThumbnail\":\"false\",\"overwritePDFOutline\":\"false\",\"direction\":\"1\",\"pageMode\":\"0\",\"source\":\"http:\\\/\\\/bsdrs.org\\\/wp-content\\\/uploads\\\/2020\\\/03\\\/Galerie-AHOS-Episode-1.pdf\",\"wpOptions\":\"true\"}; if(window.DFLIP && DFLIP.parseBooks){DFLIP.parseBooks();}<\/script><\/p>\n\n\n\n<p class=\"has-text-color has-luminous-vivid-amber-color\"><\/p>\n\n\n\n<p class=\"has-text-color has-background has-very-dark-gray-color has-luminous-vivid-amber-background-color\"><strong>Episode 2 <\/strong>(publi\u00e9 le 1er avril 2020)<\/p>\n\n\n\n<p class=\"has-text-color has-luminous-vivid-amber-color\"><div class=\"_df_book df-lite\" id=\"df_179\"  title=\"la-galerie-episode-ii\" _slug=\"179\" wpoptions=\"true\" thumb=\"http:\/\/bsdrs.org\/wp-content\/uploads\/2020\/03\/GalerieBioPropre.png\" thumbtype=\"bg\" ><p class=\"df-raw-loading\">Please wait while flipbook is loading. For more related info, FAQs and issues please refer to <a href=\"https:\/\/dearflip.com\/about\/dflip-3d-flipbook-wordpress-usage-faqs\/\">dFlip 3D Flipbook Wordpress Help<\/a> documentation.<\/p><\/div><script data-cfasync=\"false\">var option_df_179 = {\"outline\":[],\"forceFit\":\"true\",\"autoEnableOutline\":\"false\",\"autoEnableThumbnail\":\"false\",\"overwritePDFOutline\":\"false\",\"direction\":\"1\",\"pageMode\":\"0\",\"source\":\"http:\\\/\\\/bsdrs.org\\\/wp-content\\\/uploads\\\/2020\\\/03\\\/Galerie-AHOS-Episode-2-V2.pdf\",\"wpOptions\":\"true\"}; if(window.DFLIP && DFLIP.parseBooks){DFLIP.parseBooks();}<\/script><\/p>\n\n\n\n<p class=\"has-text-color has-background has-very-dark-gray-color has-luminous-vivid-amber-background-color\"><strong>Episode 3 <\/strong>(publi\u00e9 le 8 avril 2020)<\/p>\n\n\n\n<p class=\"has-text-color has-luminous-vivid-amber-color\"><div class=\"_df_book df-lite\" id=\"df_238\"  title=\"la-galerie-episode-iii\" _slug=\"la-galerie-episode-iii\" wpoptions=\"true\" thumbtype=\"bg\" ><p class=\"df-raw-loading\">Please wait while flipbook is loading. For more related info, FAQs and issues please refer to <a href=\"https:\/\/dearflip.com\/about\/dflip-3d-flipbook-wordpress-usage-faqs\/\">dFlip 3D Flipbook Wordpress Help<\/a> documentation.<\/p><\/div><script data-cfasync=\"false\">var option_df_238 = {\"outline\":[],\"forceFit\":\"true\",\"autoEnableOutline\":\"false\",\"autoEnableThumbnail\":\"false\",\"overwritePDFOutline\":\"false\",\"direction\":\"1\",\"pageMode\":\"0\",\"source\":\"http:\\\/\\\/bsdrs.org\\\/wp-content\\\/uploads\\\/2020\\\/04\\\/Galerie-AHOS-Episode-3-1.pdf\",\"wpOptions\":\"true\"}; if(window.DFLIP && DFLIP.parseBooks){DFLIP.parseBooks();}<\/script><\/p>\n\n\n\n<p class=\"has-text-color has-background has-very-dark-gray-color has-luminous-vivid-amber-background-color\"><strong>Episode 4 (publi\u00e9 le 15 avril 2020)<\/strong><\/p>\n\n\n\n<p class=\"has-text-color has-luminous-vivid-amber-color\"><div class=\"_df_book df-lite\" id=\"df_272\"  title=\"la-galerie-episode-iv\" _slug=\"la-galerie-episode-iv\" wpoptions=\"true\" thumb=\"https:\/\/bsdrs.org\/wp-content\/uploads\/2020\/04\/VirusGalerie.png\" thumbtype=\"bg\" ><p class=\"df-raw-loading\">Please wait while flipbook is loading. For more related info, FAQs and issues please refer to <a href=\"https:\/\/dearflip.com\/about\/dflip-3d-flipbook-wordpress-usage-faqs\/\">dFlip 3D Flipbook Wordpress Help<\/a> documentation.<\/p><\/div><script data-cfasync=\"false\">var option_df_272 = {\"outline\":[],\"forceFit\":\"true\",\"autoEnableOutline\":\"false\",\"autoEnableThumbnail\":\"false\",\"overwritePDFOutline\":\"false\",\"direction\":\"1\",\"pageMode\":\"0\",\"source\":\"https:\\\/\\\/bsdrs.org\\\/wp-content\\\/uploads\\\/2020\\\/04\\\/Galerie-AHOS-Episode-4.pdf\",\"wpOptions\":\"true\"}; if(window.DFLIP && DFLIP.parseBooks){DFLIP.parseBooks();}<\/script><\/p>\n\n\n\n<p class=\"has-text-color has-background has-very-dark-gray-color has-luminous-vivid-amber-background-color\"><strong>Episode 5 (publi\u00e9 le 22 avril 2020)<\/strong><\/p>\n\n\n\n<p class=\"has-text-color has-luminous-vivid-amber-color\"><div class=\"_df_book df-lite\" id=\"df_299\"  title=\"la-galerie-episode-v\" _slug=\"la-galerie-episode-5\" wpoptions=\"true\" thumbtype=\"bg\" ><p class=\"df-raw-loading\">Please wait while flipbook is loading. For more related info, FAQs and issues please refer to <a href=\"https:\/\/dearflip.com\/about\/dflip-3d-flipbook-wordpress-usage-faqs\/\">dFlip 3D Flipbook Wordpress Help<\/a> documentation.<\/p><\/div><script data-cfasync=\"false\">var option_df_299 = {\"outline\":[],\"forceFit\":\"true\",\"autoEnableOutline\":\"false\",\"autoEnableThumbnail\":\"false\",\"overwritePDFOutline\":\"false\",\"direction\":\"1\",\"pageMode\":\"0\",\"source\":\"https:\\\/\\\/bsdrs.org\\\/wp-content\\\/uploads\\\/2020\\\/04\\\/Galerie-AHOS-Episode-5.pdf\",\"wpOptions\":\"true\"}; if(window.DFLIP && DFLIP.parseBooks){DFLIP.parseBooks();}<\/script><\/p>\n\n\n\n<p class=\"has-text-color has-background has-very-dark-gray-color has-luminous-vivid-amber-background-color\"><strong>Episode 6 (publi\u00e9 le 2 mai 2020)<\/strong><\/p>\n\n\n\n<p class=\"has-text-color has-luminous-vivid-amber-color\"><div class=\"_df_book df-lite\" id=\"df_337\"  title=\"la-galerie-episode-vi\" _slug=\"la-galerie-episode-vi\" wpoptions=\"true\" thumbtype=\"bg\" ><p class=\"df-raw-loading\">Please wait while flipbook is loading. For more related info, FAQs and issues please refer to <a href=\"https:\/\/dearflip.com\/about\/dflip-3d-flipbook-wordpress-usage-faqs\/\">dFlip 3D Flipbook Wordpress Help<\/a> documentation.<\/p><\/div><script data-cfasync=\"false\">var option_df_337 = {\"outline\":[],\"forceFit\":\"true\",\"autoEnableOutline\":\"false\",\"autoEnableThumbnail\":\"false\",\"overwritePDFOutline\":\"false\",\"direction\":\"1\",\"pageMode\":\"0\",\"source\":\"https:\\\/\\\/bsdrs.org\\\/wp-content\\\/uploads\\\/2020\\\/05\\\/Galerie-AHOS-Episode-6.pdf\",\"wpOptions\":\"true\"}; if(window.DFLIP && DFLIP.parseBooks){DFLIP.parseBooks();}<\/script><\/p>\n","protected":false},"excerpt":{"rendered":"<p>Retrouvez aussi les r\u00e9sum\u00e9s des \u00e9pisodes ICI Premier \u00e9pisode (publi\u00e9 le 25 mars 2020) Episode 2 (publi\u00e9 le 1er avril 2020) Episode 3 (publi\u00e9 le 8 avril 2020) Episode 4 (publi\u00e9 le 15 avril 2020) Episode 5 (publi\u00e9 le 22 avril 2020) Episode 6 (publi\u00e9 le 2 mai 2020)<\/p>\n","protected":false},"author":1,"featured_media":0,"parent":0,"menu_order":0,"comment_status":"closed","ping_status":"closed","template":"","meta":{"footnotes":""},"class_list":["post-109","page","type-page","status-publish","hentry"],"yoast_head":"<!-- This site is optimized with the Yoast SEO plugin v14.6.1 - https:\/\/yoast.com\/wordpress\/plugins\/seo\/ -->\n<title>Episodes - Roman-feuilleton<\/title>\n<meta name=\"robots\" content=\"index, follow\" \/>\n<meta name=\"googlebot\" content=\"index, follow, max-snippet:-1, max-image-preview:large, max-video-preview:-1\" \/>\n<meta name=\"bingbot\" content=\"index, follow, max-snippet:-1, max-image-preview:large, max-video-preview:-1\" \/>\n<link rel=\"canonical\" href=\"https:\/\/bsdrs.org\/index.php\/episodes\/\" \/>\n<meta property=\"og:locale\" content=\"fr_FR\" \/>\n<meta property=\"og:type\" content=\"article\" \/>\n<meta property=\"og:title\" content=\"Episodes - Roman-feuilleton\" \/>\n<meta property=\"og:description\" content=\"Retrouvez aussi les r\u00e9sum\u00e9s des \u00e9pisodes ICI Premier \u00e9pisode (publi\u00e9 le 25 mars 2020) Episode 2 (publi\u00e9 le 1er avril 2020) Episode 3 (publi\u00e9 le 8 avril 2020) Episode 4 (publi\u00e9 le 15 avril 2020) Episode 5 (publi\u00e9 le 22 avril 2020) Episode 6 (publi\u00e9 le 2 mai 2020)\" \/>\n<meta property=\"og:url\" content=\"https:\/\/bsdrs.org\/index.php\/episodes\/\" \/>\n<meta property=\"og:site_name\" content=\"Roman-feuilleton\" \/>\n<meta property=\"article:publisher\" content=\"https:\/\/www.facebook.com\/aspiceditions\/?modal=admin_todo_tour\" \/>\n<meta property=\"article:modified_time\" content=\"2020-05-02T11:35:29+00:00\" \/>\n<meta property=\"og:image\" content=\"http:\/\/bsdrs.org\/wp-content\/uploads\/2020\/03\/GalerieAfficheSansBords-1-1024x620.png\" \/>\n<meta name=\"twitter:card\" content=\"summary_large_image\" \/>\n<meta name=\"twitter:creator\" content=\"@AlexHosRomans\" \/>\n<meta name=\"twitter:site\" content=\"@AlexHosRomans\" \/>\n<script type=\"application\/ld+json\" class=\"yoast-schema-graph\">{\"@context\":\"https:\/\/schema.org\",\"@graph\":[{\"@type\":\"WebSite\",\"@id\":\"https:\/\/bsdrs.org\/#website\",\"url\":\"https:\/\/bsdrs.org\/\",\"name\":\"Roman-feuilleton\",\"description\":\"Projet Confinement\",\"potentialAction\":[{\"@type\":\"SearchAction\",\"target\":\"https:\/\/bsdrs.org\/?s={search_term_string}\",\"query-input\":\"required name=search_term_string\"}],\"inLanguage\":\"fr-FR\"},{\"@type\":\"ImageObject\",\"@id\":\"https:\/\/bsdrs.org\/index.php\/episodes\/#primaryimage\",\"inLanguage\":\"fr-FR\",\"url\":\"http:\/\/bsdrs.org\/wp-content\/uploads\/2020\/03\/GalerieAfficheSansBords-1-1024x620.png\"},{\"@type\":\"WebPage\",\"@id\":\"https:\/\/bsdrs.org\/index.php\/episodes\/#webpage\",\"url\":\"https:\/\/bsdrs.org\/index.php\/episodes\/\",\"name\":\"Episodes - Roman-feuilleton\",\"isPartOf\":{\"@id\":\"https:\/\/bsdrs.org\/#website\"},\"primaryImageOfPage\":{\"@id\":\"https:\/\/bsdrs.org\/index.php\/episodes\/#primaryimage\"},\"datePublished\":\"2020-03-25T09:32:18+00:00\",\"dateModified\":\"2020-05-02T11:35:29+00:00\",\"inLanguage\":\"fr-FR\",\"potentialAction\":[{\"@type\":\"ReadAction\",\"target\":[\"https:\/\/bsdrs.org\/index.php\/episodes\/\"]}]}]}<\/script>\n<!-- \/ Yoast SEO plugin. -->","_links":{"self":[{"href":"https:\/\/bsdrs.org\/index.php\/wp-json\/wp\/v2\/pages\/109","targetHints":{"allow":["GET"]}}],"collection":[{"href":"https:\/\/bsdrs.org\/index.php\/wp-json\/wp\/v2\/pages"}],"about":[{"href":"https:\/\/bsdrs.org\/index.php\/wp-json\/wp\/v2\/types\/page"}],"author":[{"embeddable":true,"href":"https:\/\/bsdrs.org\/index.php\/wp-json\/wp\/v2\/users\/1"}],"replies":[{"embeddable":true,"href":"https:\/\/bsdrs.org\/index.php\/wp-json\/wp\/v2\/comments?post=109"}],"version-history":[{"count":20,"href":"https:\/\/bsdrs.org\/index.php\/wp-json\/wp\/v2\/pages\/109\/revisions"}],"predecessor-version":[{"id":340,"href":"https:\/\/bsdrs.org\/index.php\/wp-json\/wp\/v2\/pages\/109\/revisions\/340"}],"wp:attachment":[{"href":"https:\/\/bsdrs.org\/index.php\/wp-json\/wp\/v2\/media?parent=109"}],"curies":[{"name":"wp","href":"https:\/\/api.w.org\/{rel}","templated":true}]}}